{"id":11936,"date":"2024-07-09T11:33:38","date_gmt":"2024-07-09T04:33:38","guid":{"rendered":"https:\/\/thaibookingtrip.com\/trang-chu\/"},"modified":"2024-07-09T11:33:38","modified_gmt":"2024-07-09T04:33:38","slug":"trang-chu","status":"publish","type":"page","link":"https:\/\/thaibookingtrip.com\/vi\/","title":{"rendered":"Trang ch\u1ee7"},"content":{"rendered":"","protected":false},"excerpt":{"rendered":"","protected":false},"author":31,"featured_media":10185,"parent":0,"menu_order":0,"comment_status":"closed","ping_status":"closed","template":"","meta":{"footnotes":""},"class_list":["post-11936","page","type-page","status-publish","has-post-thumbnail","hentry"],"yoast_head":"<!-- This site is optimized with the Yoast SEO Premium plugin v23.4 (Yoast SEO v23.4) - https:\/\/yoast.com\/wordpress\/plugins\/seo\/ -->\n<title>D\u1ecbch v\u1ee5 du l\u1ecbch Th\u00e1i Lan v\u1edbi c\u00e1c l\u1ef1a ch\u1ecdn th\u00e2n thi\u1ec7n v\u1edbi ng\u01b0\u1eddi H\u1ed3i gi\u00e1o<\/title>\n<meta name=\"description\" content=\"Ch\u00fang t\u00f4i cung c\u1ea5p c\u00e1c d\u1ecbch v\u1ee5 nh\u01b0 tour du l\u1ecbch ri\u00eang v\u00e0 theo nh\u00f3m, v\u1edbi c\u00e1c l\u1ef1a ch\u1ecdn th\u00e2n thi\u1ec7n v\u1edbi ng\u01b0\u1eddi H\u1ed3i gi\u00e1o, \u0111\u1ec3 gi\u00fap k\u1ef3 ngh\u1ec9 c\u1ee7a b\u1ea1n t\u1ea1i Th\u00e1i Lan tr\u1edf n\u00ean d\u1ec5 d\u00e0ng v\u00e0 th\u00fa v\u1ecb\" \/>\n<meta name=\"robots\" content=\"index, follow, max-snippet:-1, max-image-preview:large, max-video-preview:-1\" \/>\n<link rel=\"canonical\" href=\"https:\/\/thaibookingtrip.com\/vi\/\" \/>\n<meta property=\"og:locale\" content=\"vi_VN\" \/>\n<meta property=\"og:type\" content=\"article\" \/>\n<meta property=\"og:title\" content=\"D\u1ecbch v\u1ee5 du l\u1ecbch Th\u00e1i Lan v\u1edbi c\u00e1c l\u1ef1a ch\u1ecdn th\u00e2n thi\u1ec7n v\u1edbi ng\u01b0\u1eddi H\u1ed3i gi\u00e1o\" \/>\n<meta property=\"og:description\" content=\"Ch\u00fang t\u00f4i cung c\u1ea5p c\u00e1c d\u1ecbch v\u1ee5 nh\u01b0 tour du l\u1ecbch ri\u00eang v\u00e0 theo nh\u00f3m, v\u1edbi c\u00e1c l\u1ef1a ch\u1ecdn th\u00e2n thi\u1ec7n v\u1edbi ng\u01b0\u1eddi H\u1ed3i gi\u00e1o, \u0111\u1ec3 k\u1ef3 ngh\u1ec9 c\u1ee7a b\u1ea1n \u1edf Th\u00e1i Lan tr\u1edf n\u00ean d\u1ec5 d\u00e0ng v\u00e0 th\u00fa v\u1ecb\" \/>\n<meta property=\"og:url\" content=\"https:\/\/thaibookingtrip.com\/vi\/\" \/>\n<meta property=\"og:site_name\" content=\"Thaibookingtrip\" \/>\n<meta property=\"article:publisher\" content=\"https:\/\/www.facebook.com\/thaibookingtripp\/\" \/>\n<meta property=\"og:image\" content=\"https:\/\/thaibookingtrip.com\/wp-content\/uploads\/2024\/09\/tbt-logo-300x300.png\" \/>\n<meta name=\"twitter:card\" content=\"summary_large_image\" \/>\n<meta name=\"twitter:title\" content=\"Trang ch\u1ee7\" \/>\n<script type=\"application\/ld+json\" class=\"yoast-schema-graph\">{\"@context\":\"https:\/\/schema.org\",\"@graph\":[{\"@type\":\"WebPage\",\"@id\":\"https:\/\/thaibookingtrip.com\/vi\/\",\"url\":\"https:\/\/thaibookingtrip.com\/vi\/\",\"name\":\"D\u1ecbch v\u1ee5 du l\u1ecbch Th\u00e1i Lan v\u1edbi c\u00e1c l\u1ef1a ch\u1ecdn th\u00e2n thi\u1ec7n v\u1edbi ng\u01b0\u1eddi H\u1ed3i gi\u00e1o\",\"isPartOf\":{\"@id\":\"https:\/\/thaibookingtrip.com\/#website\"},\"primaryImageOfPage\":{\"@id\":\"https:\/\/thaibookingtrip.com\/vi\/#primaryimage\"},\"image\":{\"@id\":\"https:\/\/thaibookingtrip.com\/vi\/#primaryimage\"},\"thumbnailUrl\":\"https:\/\/thaibookingtrip.com\/wp-content\/uploads\/2024\/07\/Thaibookingtrip-4.png\",\"datePublished\":\"2024-07-09T04:33:38+00:00\",\"dateModified\":\"2024-07-09T04:33:38+00:00\",\"description\":\"Ch\u00fang t\u00f4i cung c\u1ea5p c\u00e1c d\u1ecbch v\u1ee5 nh\u01b0 tour du l\u1ecbch ri\u00eang v\u00e0 theo nh\u00f3m, v\u1edbi c\u00e1c l\u1ef1a ch\u1ecdn th\u00e2n thi\u1ec7n v\u1edbi ng\u01b0\u1eddi H\u1ed3i gi\u00e1o, \u0111\u1ec3 gi\u00fap k\u1ef3 ngh\u1ec9 c\u1ee7a b\u1ea1n t\u1ea1i Th\u00e1i Lan tr\u1edf n\u00ean d\u1ec5 d\u00e0ng v\u00e0 th\u00fa v\u1ecb\",\"breadcrumb\":{\"@id\":\"https:\/\/thaibookingtrip.com\/vi\/#breadcrumb\"},\"inLanguage\":\"vi-VN\",\"potentialAction\":[{\"@type\":\"ReadAction\",\"target\":[\"https:\/\/thaibookingtrip.com\/vi\/\"]}]},{\"@type\":\"ImageObject\",\"inLanguage\":\"vi-VN\",\"@id\":\"https:\/\/thaibookingtrip.com\/vi\/#primaryimage\",\"url\":\"https:\/\/thaibookingtrip.com\/wp-content\/uploads\/2024\/07\/Thaibookingtrip-4.png\",\"contentUrl\":\"https:\/\/thaibookingtrip.com\/wp-content\/uploads\/2024\/07\/Thaibookingtrip-4.png\",\"width\":177,\"height\":106},{\"@type\":\"BreadcrumbList\",\"@id\":\"https:\/\/thaibookingtrip.com\/vi\/#breadcrumb\",\"itemListElement\":[{\"@type\":\"ListItem\",\"position\":1,\"name\":\"Home\",\"item\":\"https:\/\/thaibookingtrip.com\/vi\/\"},{\"@type\":\"ListItem\",\"position\":2,\"name\":\"Trang ch\u1ee7\"}]},{\"@type\":\"WebSite\",\"@id\":\"https:\/\/thaibookingtrip.com\/#website\",\"url\":\"https:\/\/thaibookingtrip.com\/\",\"name\":\"Thaibookingtrip\",\"description\":\"Thailand tours, Tickets and car rental and muslim halal tour services\",\"publisher\":{\"@id\":\"https:\/\/thaibookingtrip.com\/#organization\"},\"alternateName\":\"TBT\",\"potentialAction\":[{\"@type\":\"SearchAction\",\"target\":{\"@type\":\"EntryPoint\",\"urlTemplate\":\"https:\/\/thaibookingtrip.com\/?s={search_term_string}\"},\"query-input\":{\"@type\":\"PropertyValueSpecification\",\"valueRequired\":true,\"valueName\":\"search_term_string\"}}],\"inLanguage\":\"vi-VN\"},{\"@type\":\"Organization\",\"@id\":\"https:\/\/thaibookingtrip.com\/#organization\",\"name\":\"Thaibookingtrip\",\"alternateName\":\"TBT\",\"url\":\"https:\/\/thaibookingtrip.com\/\",\"logo\":{\"@type\":\"ImageObject\",\"inLanguage\":\"vi-VN\",\"@id\":\"https:\/\/thaibookingtrip.com\/#\/schema\/logo\/image\/\",\"url\":\"https:\/\/thaibookingtrip.com\/wp-content\/uploads\/2024\/07\/Thaibookingtrip-5.png\",\"contentUrl\":\"https:\/\/thaibookingtrip.com\/wp-content\/uploads\/2024\/07\/Thaibookingtrip-5.png\",\"width\":1563,\"height\":1563,\"caption\":\"Thaibookingtrip\"},\"image\":{\"@id\":\"https:\/\/thaibookingtrip.com\/#\/schema\/logo\/image\/\"},\"sameAs\":[\"https:\/\/www.facebook.com\/thaibookingtripp\/\",\"https:\/\/mastodon.social\/@suchai649\"],\"description\":\"Thailand land tour company offering a variety of services, including car rentals, tours, and Muslim halal tours\",\"email\":\"info@thaibookingtrip.com\",\"telephone\":\"+66806657573\",\"legalName\":\"lingpingtour co.,ltd\",\"foundingDate\":\"2013-05-29\",\"taxID\":\"0505553003429\",\"numberOfEmployees\":{\"@type\":\"QuantitativeValue\",\"minValue\":\"1\",\"maxValue\":\"10\"},\"publishingPrinciples\":\"https:\/\/thaibookingtrip.com\/thailand-muslim-halal-tours\/\",\"actionableFeedbackPolicy\":\"https:\/\/thaibookingtrip.com\/terms-conditions\/\",\"correctionsPolicy\":\"https:\/\/thaibookingtrip.com\/privacy-policy\/\",\"ethicsPolicy\":\"https:\/\/thaibookingtrip.com\/privacy-policy\/\"}]}<\/script>\n<!-- \/ Yoast SEO Premium plugin. -->","yoast_head_json":{"title":"D\u1ecbch v\u1ee5 du l\u1ecbch Th\u00e1i Lan v\u1edbi c\u00e1c l\u1ef1a ch\u1ecdn th\u00e2n thi\u1ec7n v\u1edbi ng\u01b0\u1eddi H\u1ed3i gi\u00e1o","description":"Ch\u00fang t\u00f4i cung c\u1ea5p c\u00e1c d\u1ecbch v\u1ee5 nh\u01b0 tour du l\u1ecbch ri\u00eang v\u00e0 theo nh\u00f3m, v\u1edbi c\u00e1c l\u1ef1a ch\u1ecdn th\u00e2n thi\u1ec7n v\u1edbi ng\u01b0\u1eddi H\u1ed3i gi\u00e1o, \u0111\u1ec3 gi\u00fap k\u1ef3 ngh\u1ec9 c\u1ee7a b\u1ea1n t\u1ea1i Th\u00e1i Lan tr\u1edf n\u00ean d\u1ec5 d\u00e0ng v\u00e0 th\u00fa v\u1ecb","robots":{"index":"index","follow":"follow","max-snippet":"max-snippet:-1","max-image-preview":"max-image-preview:large","max-video-preview":"max-video-preview:-1"},"canonical":"https:\/\/thaibookingtrip.com\/vi\/","og_locale":"vi_VN","og_type":"article","og_title":"D\u1ecbch v\u1ee5 du l\u1ecbch Th\u00e1i Lan v\u1edbi c\u00e1c l\u1ef1a ch\u1ecdn th\u00e2n thi\u1ec7n v\u1edbi ng\u01b0\u1eddi H\u1ed3i gi\u00e1o","og_description":"Ch\u00fang t\u00f4i cung c\u1ea5p c\u00e1c d\u1ecbch v\u1ee5 nh\u01b0 tour du l\u1ecbch ri\u00eang v\u00e0 theo nh\u00f3m, v\u1edbi c\u00e1c l\u1ef1a ch\u1ecdn th\u00e2n thi\u1ec7n v\u1edbi ng\u01b0\u1eddi H\u1ed3i gi\u00e1o, \u0111\u1ec3 k\u1ef3 ngh\u1ec9 c\u1ee7a b\u1ea1n \u1edf Th\u00e1i Lan tr\u1edf n\u00ean d\u1ec5 d\u00e0ng v\u00e0 th\u00fa v\u1ecb","og_url":"https:\/\/thaibookingtrip.com\/vi\/","og_site_name":"Thaibookingtrip","article_publisher":"https:\/\/www.facebook.com\/thaibookingtripp\/","og_image":[{"url":"https:\/\/thaibookingtrip.com\/wp-content\/uploads\/2024\/09\/tbt-logo-300x300.png"}],"twitter_card":"summary_large_image","twitter_title":"Trang ch\u1ee7","schema":{"@context":"https:\/\/schema.org","@graph":[{"@type":"WebPage","@id":"https:\/\/thaibookingtrip.com\/vi\/","url":"https:\/\/thaibookingtrip.com\/vi\/","name":"D\u1ecbch v\u1ee5 du l\u1ecbch Th\u00e1i Lan v\u1edbi c\u00e1c l\u1ef1a ch\u1ecdn th\u00e2n thi\u1ec7n v\u1edbi ng\u01b0\u1eddi H\u1ed3i gi\u00e1o","isPartOf":{"@id":"https:\/\/thaibookingtrip.com\/#website"},"primaryImageOfPage":{"@id":"https:\/\/thaibookingtrip.com\/vi\/#primaryimage"},"image":{"@id":"https:\/\/thaibookingtrip.com\/vi\/#primaryimage"},"thumbnailUrl":"https:\/\/thaibookingtrip.com\/wp-content\/uploads\/2024\/07\/Thaibookingtrip-4.png","datePublished":"2024-07-09T04:33:38+00:00","dateModified":"2024-07-09T04:33:38+00:00","description":"Ch\u00fang t\u00f4i cung c\u1ea5p c\u00e1c d\u1ecbch v\u1ee5 nh\u01b0 tour du l\u1ecbch ri\u00eang v\u00e0 theo nh\u00f3m, v\u1edbi c\u00e1c l\u1ef1a ch\u1ecdn th\u00e2n thi\u1ec7n v\u1edbi ng\u01b0\u1eddi H\u1ed3i gi\u00e1o, \u0111\u1ec3 gi\u00fap k\u1ef3 ngh\u1ec9 c\u1ee7a b\u1ea1n t\u1ea1i Th\u00e1i Lan tr\u1edf n\u00ean d\u1ec5 d\u00e0ng v\u00e0 th\u00fa v\u1ecb","breadcrumb":{"@id":"https:\/\/thaibookingtrip.com\/vi\/#breadcrumb"},"inLanguage":"vi-VN","potentialAction":[{"@type":"ReadAction","target":["https:\/\/thaibookingtrip.com\/vi\/"]}]},{"@type":"ImageObject","inLanguage":"vi-VN","@id":"https:\/\/thaibookingtrip.com\/vi\/#primaryimage","url":"https:\/\/thaibookingtrip.com\/wp-content\/uploads\/2024\/07\/Thaibookingtrip-4.png","contentUrl":"https:\/\/thaibookingtrip.com\/wp-content\/uploads\/2024\/07\/Thaibookingtrip-4.png","width":177,"height":106},{"@type":"BreadcrumbList","@id":"https:\/\/thaibookingtrip.com\/vi\/#breadcrumb","itemListElement":[{"@type":"ListItem","position":1,"name":"Home","item":"https:\/\/thaibookingtrip.com\/vi\/"},{"@type":"ListItem","position":2,"name":"Trang ch\u1ee7"}]},{"@type":"WebSite","@id":"https:\/\/thaibookingtrip.com\/#website","url":"https:\/\/thaibookingtrip.com\/","name":"Thaibookingtrip","description":"Thailand tours, Tickets and car rental and muslim halal tour services","publisher":{"@id":"https:\/\/thaibookingtrip.com\/#organization"},"alternateName":"TBT","potentialAction":[{"@type":"SearchAction","target":{"@type":"EntryPoint","urlTemplate":"https:\/\/thaibookingtrip.com\/?s={search_term_string}"},"query-input":{"@type":"PropertyValueSpecification","valueRequired":true,"valueName":"search_term_string"}}],"inLanguage":"vi-VN"},{"@type":"Organization","@id":"https:\/\/thaibookingtrip.com\/#organization","name":"Thaibookingtrip","alternateName":"TBT","url":"https:\/\/thaibookingtrip.com\/","logo":{"@type":"ImageObject","inLanguage":"vi-VN","@id":"https:\/\/thaibookingtrip.com\/#\/schema\/logo\/image\/","url":"https:\/\/thaibookingtrip.com\/wp-content\/uploads\/2024\/07\/Thaibookingtrip-5.png","contentUrl":"https:\/\/thaibookingtrip.com\/wp-content\/uploads\/2024\/07\/Thaibookingtrip-5.png","width":1563,"height":1563,"caption":"Thaibookingtrip"},"image":{"@id":"https:\/\/thaibookingtrip.com\/#\/schema\/logo\/image\/"},"sameAs":["https:\/\/www.facebook.com\/thaibookingtripp\/","https:\/\/mastodon.social\/@suchai649"],"description":"Thailand land tour company offering a variety of services, including car rentals, tours, and Muslim halal tours","email":"info@thaibookingtrip.com","telephone":"+66806657573","legalName":"lingpingtour co.,ltd","foundingDate":"2013-05-29","taxID":"0505553003429","numberOfEmployees":{"@type":"QuantitativeValue","minValue":"1","maxValue":"10"},"publishingPrinciples":"https:\/\/thaibookingtrip.com\/thailand-muslim-halal-tours\/","actionableFeedbackPolicy":"https:\/\/thaibookingtrip.com\/terms-conditions\/","correctionsPolicy":"https:\/\/thaibookingtrip.com\/privacy-policy\/","ethicsPolicy":"https:\/\/thaibookingtrip.com\/privacy-policy\/"}]}},"_links":{"self":[{"href":"https:\/\/thaibookingtrip.com\/vi\/wp-json\/wp\/v2\/pages\/11936"}],"collection":[{"href":"https:\/\/thaibookingtrip.com\/vi\/wp-json\/wp\/v2\/pages"}],"about":[{"href":"https:\/\/thaibookingtrip.com\/vi\/wp-json\/wp\/v2\/types\/page"}],"author":[{"embeddable":true,"href":"https:\/\/thaibookingtrip.com\/vi\/wp-json\/wp\/v2\/users\/31"}],"replies":[{"embeddable":true,"href":"https:\/\/thaibookingtrip.com\/vi\/wp-json\/wp\/v2\/comments?post=11936"}],"version-history":[{"count":0,"href":"https:\/\/thaibookingtrip.com\/vi\/wp-json\/wp\/v2\/pages\/11936\/revisions"}],"wp:featuredmedia":[{"embeddable":true,"href":"https:\/\/thaibookingtrip.com\/vi\/wp-json\/wp\/v2\/media\/10185"}],"wp:attachment":[{"href":"https:\/\/thaibookingtrip.com\/vi\/wp-json\/wp\/v2\/media?parent=11936"}],"curies":[{"name":"wp","href":"https:\/\/api.w.org\/{rel}","templated":true}]}}